{"id":789,"date":"2022-04-07T23:01:57","date_gmt":"2022-04-07T23:01:57","guid":{"rendered":"https:\/\/akuerowp.macrolab.us\/?page_id=789"},"modified":"2022-04-20T20:08:48","modified_gmt":"2022-04-20T20:08:48","slug":"cookie-law","status":"publish","type":"page","link":"https:\/\/akuerowp.macrolab.us\/index.php\/cookie-law\/","title":{"rendered":"Akuer\u00f2 \u2022 Cookie Law"},"content":{"rendered":"\t\t<div data-elementor-type=\"wp-page\" data-elementor-id=\"789\" class=\"elementor elementor-789\">\n\t\t\t\t\t\t\t\t\t<section class=\"elementor-section elementor-top-section elementor-element elementor-element-eb32daa elementor-section-height-min-height elementor-section-stretched elementor-section-boxed elementor-section-height-default elementor-section-items-middle\" data-id=\"eb32daa\" data-element_type=\"section\" data-settings=\"{&quot;stretch_section&quot;:&quot;section-stretched&quot;,&quot;background_background&quot;:&quot;classic&quot;}\">\n\t\t\t\t\t\t<div class=\"elementor-container elementor-column-gap-default\">\n\t\t\t\t\t<div class=\"elementor-column elementor-col-100 elementor-top-column elementor-element elementor-element-f5cd320\" data-id=\"f5cd320\" data-element_type=\"column\">\n\t\t\t<div class=\"elementor-widget-wrap elementor-element-populated\">\n\t\t\t\t\t\t\t\t<div class=\"elementor-element elementor-element-bd218bd elementor-widget elementor-widget-text-editor\" data-id=\"bd218bd\" data-element_type=\"widget\" data-widget_type=\"text-editor.default\">\n\t\t\t\t<div class=\"elementor-widget-container\">\n\t\t\t<style>\/*! elementor - v3.6.5 - 27-04-2022 *\/\n.elementor-widget-text-editor.elementor-drop-cap-view-stacked .elementor-drop-cap{background-color:#818a91;color:#fff}.elementor-widget-text-editor.elementor-drop-cap-view-framed .elementor-drop-cap{color:#818a91;border:3px solid;background-color:transparent}.elementor-widget-text-editor:not(.elementor-drop-cap-view-default) .elementor-drop-cap{margin-top:8px}.elementor-widget-text-editor:not(.elementor-drop-cap-view-default) .elementor-drop-cap-letter{width:1em;height:1em}.elementor-widget-text-editor .elementor-drop-cap{float:left;text-align:center;line-height:1;font-size:50px}.elementor-widget-text-editor .elementor-drop-cap-letter{display:inline-block}<\/style>\t\t\t\tInformativa sui Cookies\n\t\t\t\t\t\t<\/div>\n\t\t\t\t<\/div>\n\t\t\t\t\t<\/div>\n\t\t<\/div>\n\t\t\t\t\t\t\t<\/div>\n\t\t<\/section>\n\t\t\t\t<section class=\"elementor-section elementor-top-section elementor-element elementor-element-5f94919 elementor-section-boxed elementor-section-height-default elementor-section-height-default\" data-id=\"5f94919\" data-element_type=\"section\">\n\t\t\t\t\t\t<div class=\"elementor-container elementor-column-gap-default\">\n\t\t\t\t\t<div class=\"elementor-column elementor-col-100 elementor-top-column elementor-element elementor-element-23bb324\" data-id=\"23bb324\" data-element_type=\"column\">\n\t\t\t<div class=\"elementor-widget-wrap elementor-element-populated\">\n\t\t\t\t\t\t\t\t<div class=\"elementor-element elementor-element-b263b76 elementor-widget elementor-widget-text-editor\" data-id=\"b263b76\" data-element_type=\"widget\" data-widget_type=\"text-editor.default\">\n\t\t\t\t<div class=\"elementor-widget-container\">\n\t\t\t\t\t\t\t<p>I cookie sono stringhe di testo di piccole dimensioni che i siti visitati dall&#8217;utente inviano al suo terminale (solitamente al browser), dove vengono memorizzati per essere poi ritrasmessi agli stessi siti alla successiva visita del medesimo utente. Nel corso della navigazione su un sito l&#8217;utente pu\u00f2 ricevere sul suo terminale anche cookie che vengono inviati da siti o da web server diversi (c.d. &#8220;terze parti&#8221;), sui quali possono risiedere alcuni elementi (quali, ad esempio, immagini, mappe, suoni, specifici link a pagine di altri domini) presenti sul sito che lo stesso sta visitando. Si individuano tre categorie: cookies &#8220;tecnici&#8221;, cookies \u201canalitici non anonimi\u201d, cookies &#8220;di profilazione&#8221; propri e di terze parti.Il presente sito utilizza solo cookies tecnici e di statistica aggregata, per i quali non \u00e8 richiesto il preventivo consenso degli utenti, mentre resta fermo l&#8217;obbligo di dare l&#8217;informativa ai sensi dell&#8217;art. 13 del Codice in materia di protezione dei dati personali, che il gestore del sito, qualora utilizzi soltanto tali dispositivi, potr\u00e0 fornire con le modalit\u00e0 che ritiene pi\u00f9 idonee.<\/p><p><b>Cookie tecnici e di statistica aggregata<\/b><\/p><ul><li><b>Attivit\u00e0 strettamente necessarie al funzionamento\u00a0<\/b><\/li><\/ul><p>Questa Applicazione utilizza Cookie per salvare la sessione dell&#8217;Utente e per svolgere altre attivit\u00e0 strettamente necessarie al funzionamento dello stesso, ad esempio in relazione alla distribuzione del traffico.\u00a0<\/p><ul><li><b>Attivit\u00e0 di salvataggio delle preferenze, ottimizzazione e statistica\u00a0<\/b><\/li><\/ul><p>Questa Applicazione utilizza Cookie per salvare le preferenze di navigazione ed ottimizzare l&#8217;esperienza di navigazione dell&#8217;Utente. Fra questi Cookie rientrano, ad esempio, quelli per impostare la lingua e la valuta o per la gestione di statistiche da parte del Titolare del sito.\u00a0<\/p><p><b>Altre tipologie di Cookie o strumenti terzi che potrebbero farne utilizzo<\/b><br \/>Alcuni dei servizi elencati di seguito raccolgono statistiche in forma aggregata e potrebbero non richiedere il consenso dell&#8217;Utente o potrebbero essere gestiti direttamente dal Titolare \u2013 a seconda di quanto descritto \u2013 senza l&#8217;ausilio di terzi.<br \/>Qualora fra gli strumenti indicati in seguito fossero presenti servizi gestiti da terzi, questi potrebbero \u2013 in aggiunta a quanto specificato ed anche all\u2019insaputa del Titolare \u2013 compiere attivit\u00e0 di tracciamento dell\u2019Utente. Per informazioni dettagliate in merito, si consiglia di consultare le privacy policy dei servizi elencati.<\/p><ul><li><b>Interazione con social network e piattaforme esterne\u00a0<\/b><\/li><\/ul><p>Questi servizi permettono di effettuare interazioni con i social network, o con altre piattaforme esterne, direttamente dalle pagine dell\u2019Applicazione. Le interazioni e le informazioni acquisite da questa Applicazione sono in ogni caso soggette alle impostazioni privacy dell\u2019Utente relative ad ogni social network.<br \/>Nel caso in cui sia installato un servizio di interazione con i social network, \u00e8 possibile che, anche nel caso gli Utenti non utilizzino il servizio, lo stesso raccolga dati di traffico relativi alle pagine in cui \u00e8 installato.<\/p><p><b>Pulsante Tweet e widget sociali di Twitter (Twitter)<\/b><br \/>Il pulsante Tweet e i widget sociali di Twitter sono servizi di interazione con il social network Twitter, forniti da Twitter Inc.<br \/>Dati personali raccolti: Cookie e Dati di utilizzo.\u00a0<br \/>Luogo del trattamento : USA \u2013\u00a0<a href=\"http:\/\/twitter.com\/privacy\"><strong><span style=\"color: #007fbf;\">Privacy Policy<\/span><\/strong><\/a><\/p><p><b>Pulsante Mi Piace e widget sociali di Facebook (Facebook, Inc.)<\/b><br \/>Il pulsante \u201cMi Piace\u201d e i widget sociali di Facebook sono servizi di interazione con il social network Facebook, forniti da Facebook, Inc.<br \/>Dati personali raccolti: Cookie e Dati di utilizzo.\u00a0<br \/>Luogo del trattamento : USA \u2013\u00a0<strong><span style=\"color: #007fbf;\"><a style=\"color: #007fbf;\" href=\"http:\/\/www.facebook.com\/privacy\/explanation.php\">Privacy Policy<\/a><\/span><\/strong><\/p><p><b>Pulsante +1 e widget sociali di Google+ (Google)<\/b><br \/>Il pulsante +1 e i widget sociali di Google+ sono servizi di interazione con il social network Google+, forniti da Google Inc.<br \/>Dati personali raccolti: Cookie e Dati di utilizzo.\u00a0<br \/>Luogo del trattamento : USA \u2013\u00a0<strong><span style=\"color: #007fbf;\"><a style=\"color: #007fbf;\" href=\"http:\/\/www.google.com\/intl\/it\/policies\/privacy\/\">Privacy Policy<\/a><\/span><\/strong><\/p><ul><li><b>Remarketing e Behavioral Targeting\u00a0<\/b><\/li><\/ul><p>Questi servizi consentono a questa Applicazione ed ai suoi partner di comunicare, ottimizzare e servire annunci pubblicitari basati sull&#8217;utilizzo passato di questa Applicazione da parte dell&#8217;Utente.<br \/>Questa attivit\u00e0 viene effettuata tramite il tracciamento dei Dati di Utilizzo e l&#8217;uso di Cookie, informazioni che vengono trasferite ai partner a cui l&#8217;attivit\u00e0 di remarketing e behavioral targeting \u00e8 collegata.<\/p><p><b>AdWords Remarketing (Google)<\/b><br \/>AdWords Remarketing \u00e8 un servizio di Remarketing e Behavioral Targeting fornito da Google Inc. che collega l&#8217;attivit\u00e0 di questa Applicazione con il network di advertising Adwords ed il Cookie Doubleclick.<br \/>Dati personali raccolti: Cookie e Dati di utilizzo.\u00a0<br \/>Luogo del trattamento : USA \u2013\u00a0<strong><span style=\"color: #007fbf;\"><a style=\"color: #007fbf;\" href=\"http:\/\/www.google.com\/intl\/it\/policies\/privacy\/\">Privacy Policy<\/a>\u00a0\u2013\u00a0<a style=\"color: #007fbf;\" href=\"http:\/\/www.google.com\/settings\/ads\/onweb\/optout\">Opt Out<\/a><\/span><\/strong><\/p><p><b>Facebook Custom Audience (Facebook, Inc.)<\/b><br \/>Facebook Custom Audience \u00e8 un servizio di Remarketing e Behavioral Targeting fornito da Facebook, Inc. che collega l&#8217;attivit\u00e0 di questa Applicazione con il network di advertising Facebook.<br \/>Dati personali raccolti: Cookie e Email.\u00a0<br \/>Luogo del trattamento : USA \u2013\u00a0<strong><span style=\"color: #007fbf;\"><a style=\"color: #007fbf;\" href=\"https:\/\/www.facebook.com\/about\/privacy\/\">Privacy Policy<\/a>\u00a0\u2013\u00a0<a style=\"color: #007fbf;\" href=\"http:\/\/www.aboutads.info\/choices\/\">Opt Out<\/a><\/span><\/strong><\/p><p><b>Facebook Remarketing (Facebook, Inc.)<\/b><br \/>Facebook Remarketing \u00e8 un servizio di Remarketing e Behavioral Targeting fornito da Facebook, Inc. che collega l&#8217;attivit\u00e0 di questa Applicazione con il network di advertising Facebook.<br \/>Dati personali raccolti: Cookie e Dati di utilizzo.\u00a0<br \/>Luogo del trattamento : USA \u2013\u00a0<strong><span style=\"color: #007fbf;\"><a style=\"color: #007fbf;\" href=\"https:\/\/www.facebook.com\/about\/privacy\/\">Privacy Policy<\/a>\u00a0\u2013\u00a0<a style=\"color: #007fbf;\" href=\"http:\/\/www.aboutads.info\/choices\/\">Opt Out<\/a><\/span><\/strong><\/p><ul><li><b>Statistica\u00a0<\/b><\/li><\/ul><p>I servizi contenuti nella presente sezione permettono al Titolare del Trattamento di monitorare e analizzare i dati di traffico e servono a tener traccia del comportamento dell\u2019Utente.<\/p><p><b>Google Analytics (Google)<\/b><br \/>Google Analytics \u00e8 un servizio di analisi web fornito da Google Inc. (\u201cGoogle\u201d). Google utilizza i Dati Personali raccolti allo scopo di tracciare ed esaminare l\u2019utilizzo di questa Applicazione, compilare report e condividerli con gli altri servizi sviluppati da Google.<br \/>Google potrebbe utilizzare i Dati Personali per contestualizzare e personalizzare gli annunci del proprio network pubblicitario.<br \/>Dati personali raccolti: Cookie e Dati di utilizzo.\u00a0<br \/>Luogo del trattamento : USA \u2013\u00a0<strong><span style=\"color: #007fbf;\"><a style=\"color: #007fbf;\" href=\"http:\/\/www.google.com\/intl\/it\/policies\/privacy\/\">Privacy Policy<\/a>\u00a0\u2013\u00a0<a style=\"color: #007fbf;\" href=\"http:\/\/tools.google.com\/dlpage\/gaoptout?hl=it\">Opt Out<\/a><\/span><\/strong><\/p><p><b>Monitoraggio conversioni di Facebook Ads (Facebook, Inc.)<\/b><br \/>Il monitoraggio conversioni di Facebook Ads \u00e8 un servizio di statistiche fornito da Facebook, Inc. che collega i dati provenienti dal network di annunci Facebook con le azioni compiute all&#8217;interno di questa Applicazione.<br \/>Dati personali raccolti: Cookie e Dati di utilizzo.\u00a0<br \/>Luogo del trattamento : USA \u2013\u00a0<strong><span style=\"color: #007fbf;\"><a style=\"color: #007fbf;\" href=\"https:\/\/www.facebook.com\/about\/privacy\/\">Privacy Policy<\/a><\/span><\/strong><\/p><p><b>Monitoraggio conversioni di Google AdWords (Google Inc.)<\/b><br \/>Il monitoraggio conversioni di Google AdWords \u00e8 un servizio di statistiche fornito da Google Inc. che collega i dati provenienti dal network di annunci Google AdWords con le azioni compiute all&#8217;interno di questa Applicazione.<br \/>Dati personali raccolti: Cookie e Dati di utilizzo.\u00a0<br \/>Luogo del trattamento : USA \u2013\u00a0<strong><span style=\"color: #007fbf;\"><a style=\"color: #007fbf;\" href=\"http:\/\/www.google.com\/intl\/it\/policies\/privacy\/\">Privacy Policy<\/a><\/span><\/strong><\/p><ul><li><b>Servizi di CRM<\/b><\/li><\/ul><p>I servizi contenuti nella presente sezione permettono al Titolare del Trattamento di raccogliere dati per fornire servizi richiesti dall\u2019utente e migliorare la relazione con lo stesso.<\/p><p><b>Zoho CRM<\/b><\/p><p>Le applicazioni di Zoho CRM sono servizi gestiti da Zoho co. e aiutano a raccogliere e trattare dati rilasciati dall\u2019utente per finalit\u00e0 di marketing e commerciali, identificare i visitatori del sito web, connettersi con gli stessi tramite chat.<\/p><p>Dati personali raccolti: cookies, dati di utilizzo, dati anagrafici.<\/p><p>Luogo del trattamento: UE \u2013\u00a0<strong><span style=\"color: #007fbf;\"><a style=\"color: #007fbf;\" href=\"https:\/\/www.zoho.com\/gdpr.html\">Privacy Policy<\/a><\/span><\/strong><\/p><p><b>Come posso controllare l&#8217;installazione di Cookie?<\/b><br \/>In aggiunta a quanto indicato in questo documento, l&#8217;Utente pu\u00f2 gestire le preferenze relative ai Cookie direttamente all&#8217;interno del proprio browser ed impedire \u2013 ad esempio \u2013 che terze parti possano installarne. Tramite le preferenze del browser \u00e8 inoltre possibile eliminare i Cookie installati in passato, incluso il Cookie in cui venga eventualmente salvato il consenso all&#8217;installazione di Cookie da parte di questo sito. \u00c8 importante notare che disabilitando tutti i Cookie, il funzionamento di questo sito potrebbe essere compromesso. L&#8217;Utente pu\u00f2 trovare informazioni su come gestire i Cookie nel suo browser ai seguenti indirizzi:\u00a0<strong><span style=\"color: #007fbf;\"><a style=\"color: #007fbf;\" href=\"https:\/\/support.google.com\/chrome\/answer\/95647?hl=it&amp;p=cpn_cookies\">Google Chrome<\/a>,\u00a0<a style=\"color: #007fbf;\" href=\"https:\/\/support.mozilla.org\/it\/kb\/Attivare%20e%20disattivare%20i%20cookie\">Mozilla Firefox<\/a>,\u00a0<\/span><\/strong><a href=\"https:\/\/support.apple.com\/kb\/PH19214?viewlocale=it_IT&amp;locale=en_US\"><strong><span style=\"color: #007fbf;\">Apple<\/span> <span style=\"color: #007fbf;\">Safari<\/span><\/strong><\/a>\u00a0and\u00a0<strong><span style=\"color: #007fbf;\"><a style=\"color: #007fbf;\" href=\"http:\/\/windows.microsoft.com\/it-it\/windows-vista\/block-or-allow-cookies\">Microsoft Windows Explorer<\/a>.<\/span><\/strong><br \/>In caso di servizi erogati da terze parti, l&#8217;Utente pu\u00f2 inoltre esercitare il proprio diritto ad opporsi al tracciamento informandosi tramite la privacy policy della terza parte, tramite il link di opt out se esplicitamente fornito o contattando direttamente la stessa.<br \/>Fermo restando quanto precede, il Titolare informa che l\u2019Utente pu\u00f2 avvalersi di\u00a0<strong><span style=\"color: #007fbf;\"><a style=\"color: #007fbf;\" href=\"http:\/\/www.youronlinechoices.com\/\">Your Online Choices<\/a><\/span><\/strong>. Attraverso tale servizio \u00e8 possibile gestire le preferenze di tracciamento della maggior parte degli strumenti pubblicitari. Il Titolare, pertanto, consiglia agli Utenti di utilizzare tale risorsa in aggiunta alle informazioni fornite dal presente documento.<\/p>\t\t\t\t\t\t<\/div>\n\t\t\t\t<\/div>\n\t\t\t\t\t<\/div>\n\t\t<\/div>\n\t\t\t\t\t\t\t<\/div>\n\t\t<\/section>\n\t\t\t\t\t\t\t<\/div>\n\t\t","protected":false},"excerpt":{"rendered":"<p>Informativa sui Cookies I cookie sono stringhe di testo di piccole dimensioni che i siti visitati dall&#8217;utente inviano al suo terminale (solitamente al browser), dove vengono memorizzati per essere poi ritrasmessi agli stessi siti alla successiva visita del medesimo utente. Nel corso della navigazione su un sito l&#8217;utente pu\u00f2 ricevere sul suo terminale anche cookie&hellip;<\/p>\n","protected":false},"author":2,"featured_media":0,"parent":0,"menu_order":0,"comment_status":"closed","ping_status":"closed","template":"","meta":{"footnotes":""},"folder":[19],"class_list":["post-789","page","type-page","status-publish","hentry"],"yoast_head":"<!-- This site is optimized with the Yoast SEO plugin v18.6 - https:\/\/yoast.com\/wordpress\/plugins\/seo\/ -->\n<title>Akuer\u00f2 \u2022 Cookie Law - Akuer\u00f2<\/title>\n<meta name=\"description\" content=\"Vuoi lavorare in Akuer\u00f2? Clicca qui e lascia la tua candidatura.\" \/>\n<meta name=\"robots\" content=\"index, follow, max-snippet:-1, max-image-preview:large, max-video-preview:-1\" \/>\n<link rel=\"canonical\" href=\"https:\/\/akuerowp.macrolab.us\/index.php\/cookie-law\/\" \/>\n<meta property=\"og:locale\" content=\"it_IT\" \/>\n<meta property=\"og:type\" content=\"article\" \/>\n<meta property=\"og:title\" content=\"Akuer\u00f2 \u2022 Cookie Law - Akuer\u00f2\" \/>\n<meta property=\"og:description\" content=\"Vuoi lavorare in Akuer\u00f2? Clicca qui e lascia la tua candidatura.\" \/>\n<meta property=\"og:url\" content=\"https:\/\/akuerowp.macrolab.us\/index.php\/cookie-law\/\" \/>\n<meta property=\"og:site_name\" content=\"Akuer\u00f2\" \/>\n<meta property=\"article:modified_time\" content=\"2022-04-20T20:08:48+00:00\" \/>\n<meta name=\"twitter:card\" content=\"summary_large_image\" \/>\n<meta name=\"twitter:label1\" content=\"Tempo di lettura stimato\" \/>\n\t<meta name=\"twitter:data1\" content=\"7 minuti\" \/>\n<script type=\"application\/ld+json\" class=\"yoast-schema-graph\">{\"@context\":\"https:\/\/schema.org\",\"@graph\":[{\"@type\":\"WebSite\",\"@id\":\"https:\/\/akuerowp.macrolab.us\/#website\",\"url\":\"https:\/\/akuerowp.macrolab.us\/\",\"name\":\"Akuer\u00f2\",\"description\":\"Marketing di Fidelizzazione\",\"potentialAction\":[{\"@type\":\"SearchAction\",\"target\":{\"@type\":\"EntryPoint\",\"urlTemplate\":\"https:\/\/akuerowp.macrolab.us\/?s={search_term_string}\"},\"query-input\":\"required name=search_term_string\"}],\"inLanguage\":\"it-IT\"},{\"@type\":\"WebPage\",\"@id\":\"https:\/\/akuerowp.macrolab.us\/index.php\/cookie-law\/#webpage\",\"url\":\"https:\/\/akuerowp.macrolab.us\/index.php\/cookie-law\/\",\"name\":\"Akuer\u00f2 \u2022 Cookie Law - Akuer\u00f2\",\"isPartOf\":{\"@id\":\"https:\/\/akuerowp.macrolab.us\/#website\"},\"datePublished\":\"2022-04-07T23:01:57+00:00\",\"dateModified\":\"2022-04-20T20:08:48+00:00\",\"description\":\"Vuoi lavorare in Akuer\u00f2? Clicca qui e lascia la tua candidatura.\",\"breadcrumb\":{\"@id\":\"https:\/\/akuerowp.macrolab.us\/index.php\/cookie-law\/#breadcrumb\"},\"inLanguage\":\"it-IT\",\"potentialAction\":[{\"@type\":\"ReadAction\",\"target\":[\"https:\/\/akuerowp.macrolab.us\/index.php\/cookie-law\/\"]}]},{\"@type\":\"BreadcrumbList\",\"@id\":\"https:\/\/akuerowp.macrolab.us\/index.php\/cookie-law\/#breadcrumb\",\"itemListElement\":[{\"@type\":\"ListItem\",\"position\":1,\"name\":\"Home\",\"item\":\"https:\/\/akuerowp.macrolab.us\/\"},{\"@type\":\"ListItem\",\"position\":2,\"name\":\"Akuer\u00f2 \u2022 Cookie Law\"}]}]}<\/script>\n<!-- \/ Yoast SEO plugin. -->","yoast_head_json":{"title":"Akuer\u00f2 \u2022 Cookie Law - Akuer\u00f2","description":"Vuoi lavorare in Akuer\u00f2? Clicca qui e lascia la tua candidatura.","robots":{"index":"index","follow":"follow","max-snippet":"max-snippet:-1","max-image-preview":"max-image-preview:large","max-video-preview":"max-video-preview:-1"},"canonical":"https:\/\/akuerowp.macrolab.us\/index.php\/cookie-law\/","og_locale":"it_IT","og_type":"article","og_title":"Akuer\u00f2 \u2022 Cookie Law - Akuer\u00f2","og_description":"Vuoi lavorare in Akuer\u00f2? Clicca qui e lascia la tua candidatura.","og_url":"https:\/\/akuerowp.macrolab.us\/index.php\/cookie-law\/","og_site_name":"Akuer\u00f2","article_modified_time":"2022-04-20T20:08:48+00:00","twitter_card":"summary_large_image","twitter_misc":{"Tempo di lettura stimato":"7 minuti"},"schema":{"@context":"https:\/\/schema.org","@graph":[{"@type":"WebSite","@id":"https:\/\/akuerowp.macrolab.us\/#website","url":"https:\/\/akuerowp.macrolab.us\/","name":"Akuer\u00f2","description":"Marketing di Fidelizzazione","potentialAction":[{"@type":"SearchAction","target":{"@type":"EntryPoint","urlTemplate":"https:\/\/akuerowp.macrolab.us\/?s={search_term_string}"},"query-input":"required name=search_term_string"}],"inLanguage":"it-IT"},{"@type":"WebPage","@id":"https:\/\/akuerowp.macrolab.us\/index.php\/cookie-law\/#webpage","url":"https:\/\/akuerowp.macrolab.us\/index.php\/cookie-law\/","name":"Akuer\u00f2 \u2022 Cookie Law - Akuer\u00f2","isPartOf":{"@id":"https:\/\/akuerowp.macrolab.us\/#website"},"datePublished":"2022-04-07T23:01:57+00:00","dateModified":"2022-04-20T20:08:48+00:00","description":"Vuoi lavorare in Akuer\u00f2? Clicca qui e lascia la tua candidatura.","breadcrumb":{"@id":"https:\/\/akuerowp.macrolab.us\/index.php\/cookie-law\/#breadcrumb"},"inLanguage":"it-IT","potentialAction":[{"@type":"ReadAction","target":["https:\/\/akuerowp.macrolab.us\/index.php\/cookie-law\/"]}]},{"@type":"BreadcrumbList","@id":"https:\/\/akuerowp.macrolab.us\/index.php\/cookie-law\/#breadcrumb","itemListElement":[{"@type":"ListItem","position":1,"name":"Home","item":"https:\/\/akuerowp.macrolab.us\/"},{"@type":"ListItem","position":2,"name":"Akuer\u00f2 \u2022 Cookie Law"}]}]}},"_links":{"self":[{"href":"https:\/\/akuerowp.macrolab.us\/index.php\/wp-json\/wp\/v2\/pages\/789","targetHints":{"allow":["GET"]}}],"collection":[{"href":"https:\/\/akuerowp.macrolab.us\/index.php\/wp-json\/wp\/v2\/pages"}],"about":[{"href":"https:\/\/akuerowp.macrolab.us\/index.php\/wp-json\/wp\/v2\/types\/page"}],"author":[{"embeddable":true,"href":"https:\/\/akuerowp.macrolab.us\/index.php\/wp-json\/wp\/v2\/users\/2"}],"replies":[{"embeddable":true,"href":"https:\/\/akuerowp.macrolab.us\/index.php\/wp-json\/wp\/v2\/comments?post=789"}],"version-history":[{"count":8,"href":"https:\/\/akuerowp.macrolab.us\/index.php\/wp-json\/wp\/v2\/pages\/789\/revisions"}],"predecessor-version":[{"id":1117,"href":"https:\/\/akuerowp.macrolab.us\/index.php\/wp-json\/wp\/v2\/pages\/789\/revisions\/1117"}],"wp:attachment":[{"href":"https:\/\/akuerowp.macrolab.us\/index.php\/wp-json\/wp\/v2\/media?parent=789"}],"wp:term":[{"taxonomy":"folder","embeddable":true,"href":"https:\/\/akuerowp.macrolab.us\/index.php\/wp-json\/wp\/v2\/folder?post=789"}],"curies":[{"name":"wp","href":"https:\/\/api.w.org\/{rel}","templated":true}]}}