{"id":778,"date":"2022-04-07T22:52:14","date_gmt":"2022-04-07T22:52:14","guid":{"rendered":"https:\/\/akuerowp.macrolab.us\/?page_id=778"},"modified":"2022-04-20T20:09:27","modified_gmt":"2022-04-20T20:09:27","slug":"privacypolicy","status":"publish","type":"page","link":"https:\/\/akuerowp.macrolab.us\/index.php\/privacypolicy\/","title":{"rendered":"Akuer\u00f2 \u2022 Privacy Policy"},"content":{"rendered":"\t\t<div data-elementor-type=\"wp-page\" data-elementor-id=\"778\" class=\"elementor elementor-778\">\n\t\t\t\t\t\t\t\t\t<section class=\"elementor-section elementor-top-section elementor-element elementor-element-eb32daa elementor-section-height-min-height elementor-section-stretched elementor-section-boxed elementor-section-height-default elementor-section-items-middle\" data-id=\"eb32daa\" data-element_type=\"section\" data-settings=\"{&quot;stretch_section&quot;:&quot;section-stretched&quot;,&quot;background_background&quot;:&quot;classic&quot;}\">\n\t\t\t\t\t\t<div class=\"elementor-container elementor-column-gap-default\">\n\t\t\t\t\t<div class=\"elementor-column elementor-col-100 elementor-top-column elementor-element elementor-element-f5cd320\" data-id=\"f5cd320\" data-element_type=\"column\">\n\t\t\t<div class=\"elementor-widget-wrap elementor-element-populated\">\n\t\t\t\t\t\t\t\t<div class=\"elementor-element elementor-element-bd218bd elementor-widget elementor-widget-text-editor\" data-id=\"bd218bd\" data-element_type=\"widget\" data-widget_type=\"text-editor.default\">\n\t\t\t\t<div class=\"elementor-widget-container\">\n\t\t\t<style>\/*! elementor - v3.6.5 - 27-04-2022 *\/\n.elementor-widget-text-editor.elementor-drop-cap-view-stacked .elementor-drop-cap{background-color:#818a91;color:#fff}.elementor-widget-text-editor.elementor-drop-cap-view-framed .elementor-drop-cap{color:#818a91;border:3px solid;background-color:transparent}.elementor-widget-text-editor:not(.elementor-drop-cap-view-default) .elementor-drop-cap{margin-top:8px}.elementor-widget-text-editor:not(.elementor-drop-cap-view-default) .elementor-drop-cap-letter{width:1em;height:1em}.elementor-widget-text-editor .elementor-drop-cap{float:left;text-align:center;line-height:1;font-size:50px}.elementor-widget-text-editor .elementor-drop-cap-letter{display:inline-block}<\/style>\t\t\t\t<p>Privacy Policy<\/p>\t\t\t\t\t\t<\/div>\n\t\t\t\t<\/div>\n\t\t\t\t<div class=\"elementor-element elementor-element-f8e00b3 elementor-widget elementor-widget-text-editor\" data-id=\"f8e00b3\" data-element_type=\"widget\" data-widget_type=\"text-editor.default\">\n\t\t\t\t<div class=\"elementor-widget-container\">\n\t\t\t\t\t\t\t<div class=\"zpsection zpdefault-section zpdefault-section-bg \" data-element-id=\"elm_Q8QObYT1SvevsrauiAAQQA==\" data-element-type=\"section\">\n<div class=\"zpcontainer\">\n<div class=\"zprow zpalign-items- zpjustify-content- \" data-element-id=\"elm_rr9SUyVQSkKJ8aAafu_KAw==\" data-element-type=\"row\">\n<div class=\"zpelem-col zpcol-md-12 zpcol-sm-12 zpalign-self- zpdefault-section zpdefault-section-bg \" data-element-id=\"elm_SuwHzQr5Q8GSREMSr2ZoQQ==\" data-element-type=\"column\">\n<div class=\"zpelement zpelem-text \" data-element-id=\"elm_N3G2nvyXT-aAtJRXkG0kOA==\" data-element-type=\"text\">\n<div class=\"zptext zptext-align-center \" data-editor=\"true\"><b>INFORMATIVA SULLA PRIVACY PER VISITATORI, CLIENTI, PARTNER E FORNITORI DI AKUERO S.R.L.<\/b><\/div><\/div><\/div><\/div><\/div><\/div>\t\t\t\t\t\t<\/div>\n\t\t\t\t<\/div>\n\t\t\t\t\t<\/div>\n\t\t<\/div>\n\t\t\t\t\t\t\t<\/div>\n\t\t<\/section>\n\t\t\t\t<section class=\"elementor-section elementor-top-section elementor-element elementor-element-5f94919 elementor-section-boxed elementor-section-height-default elementor-section-height-default\" data-id=\"5f94919\" data-element_type=\"section\">\n\t\t\t\t\t\t<div class=\"elementor-container elementor-column-gap-default\">\n\t\t\t\t\t<div class=\"elementor-column elementor-col-100 elementor-top-column elementor-element elementor-element-23bb324\" data-id=\"23bb324\" data-element_type=\"column\">\n\t\t\t<div class=\"elementor-widget-wrap elementor-element-populated\">\n\t\t\t\t\t\t\t\t<div class=\"elementor-element elementor-element-b263b76 elementor-widget elementor-widget-text-editor\" data-id=\"b263b76\" data-element_type=\"widget\" data-widget_type=\"text-editor.default\">\n\t\t\t\t<div class=\"elementor-widget-container\">\n\t\t\t\t\t\t\t<div class=\"zpelement zpelem-iconheadingtext \" data-element-id=\"elm_gHnTfpP1_JSH-1yR89dOBA\" data-element-type=\"iconHeadingText\"><div class=\"zpicon-container zpicon-align-center \"><h3 class=\"zpicon-heading \" data-editor=\"true\">Titolare del Trattamento<\/h3><div class=\"zpicon-text-container \" data-editor=\"true\"><p>I dati che ci fornisci sono trattati da Akuero s.r.l. (di seguito Akuero) con sede legale in Via Rimini 27 \u2013 59100 Prato e sede operativa in Piazzetta Caruso, 21 \u2013 51031 Agliana (PT). Pec: akuero@pec.it<\/p><\/div><\/div><\/div><div class=\"zpelement zpelem-iconheadingtext \" data-element-id=\"elm_VXFfbvpcRWLEKLBq253rvA\" data-element-type=\"iconHeadingText\"><div class=\"zpicon-container zpicon-align-center \"><h4 class=\"zpicon-heading \" data-editor=\"true\">Tempo di conservazione<\/h4><div class=\"zpicon-text-container \" data-editor=\"true\"><p>Tutti i dati connessi saranno cancellati in caso di mancata interazione con Akuero per pi\u00f9 di 3 anni o quando ce lo chiederai espressamente.<\/p><\/div><\/div><\/div><div class=\"zpelement zpelem-iconheadingtext \" data-element-id=\"elm_9uJtotNhjIyd8NwkOyjGdw\" data-element-type=\"iconHeadingText\"><div class=\"zpicon-container zpicon-align-center \"><h4 class=\"zpicon-heading \" data-editor=\"true\">Destinatari dei dati<\/h4><div class=\"zpicon-text-container \" data-editor=\"true\"><p>Alcuni dei nostri collaboratori possono accedere ai Tuoi dati personali, ma lo faranno solo per gestire i servizi per i quali abbiamo ottenuto il consenso ai tuoi dati. Ci serviamo anche di provider esterni per finalit\u00e0 tecniche, ma il loro accesso ai dati \u00e8 sotto il controllo di Akuero: non sono autorizzati a trattare i dati per finalit\u00e0 diverse da quelle per cui sono stati incaricati.<\/p><\/div><\/div><\/div><div class=\"zpelement zpelem-iconheadingtext \" data-element-id=\"elm_U8EjhJef6QxV8dvBUwYPnA\" data-element-type=\"iconHeadingText\"><div class=\"zpicon-container zpicon-align-center \"><h4 class=\"zpicon-heading \" data-editor=\"true\">Base legale del trattamento<\/h4><div class=\"zpicon-text-container \" data-editor=\"true\"><p>Hai dato il consenso ai tuoi dati per ricevere servizi e\/o informazioni sui servizi da parte di Akuero. Per adempiere alla tua richiesta abbiamo bisogno di trattare i tuoi dati personali.<\/p><\/div><\/div><\/div><div class=\"zpelement zpelem-iconheadingtext \" data-element-id=\"elm_Xe-JO1bGR_CHgvmAFx7GuA\" data-element-type=\"iconHeadingText\"><div class=\"zpicon-container zpicon-align-center \"><h4 class=\"zpicon-heading \" data-editor=\"true\">Dati trattati<\/h4><div class=\"zpicon-text-container \" data-editor=\"true\"><p>Trattiamo i dati necessari per consentirti di ricevere i servizi e le informazioni basate sulle tue richieste ed esigenze.\u00a0<\/p><\/div><\/div><\/div><div class=\"zpelement zpelem-iconheadingtext \" data-element-id=\"elm_ght8ruvoOFSD0wsCqcMKAA\" data-element-type=\"iconHeadingText\"><div class=\"zpicon-container zpicon-align-center \"><h4 class=\"zpicon-heading \" data-editor=\"true\"><b>I tuoi diritti<\/b><\/h4><div class=\"zpicon-text-container \" data-editor=\"true\"><p>Puoi richiedere l\u2019accesso e la correzione dei tuoi dati personali semplicemente inviando una email all\u2019indirizzo webmaster@akuero.it . Allo stesso indirizzo di posta puoi anche chiedere la cancellazione dei tuoi dati, ma prima di procedere verificheremo che non ci siamo ordini e\/o questioni amministrative e\/o legate al post vendita che necessitano il trattamento dei tuoi dati.\u00a0<\/p><\/div><\/div><\/div><div class=\"zpelement zpelem-iconheadingtext \" data-element-id=\"elm_fQ5T81t0asuTOe_6lKFSjA\" data-element-type=\"iconHeadingText\"><div class=\"zpicon-container zpicon-align-center \"><h4 class=\"zpicon-heading \" data-editor=\"true\"><b>Trasferimento dati al di fuori dell&#8217;Unione Europea<\/b><\/h4><div class=\"zpicon-text-container \" data-editor=\"true\"><p>I Tuoi dati personali restano all\u2019interno dello spazio economico europeo, dove facciamo tutto quanto \u00e8 in nostro potere per proteggerli secondo quanto disposto dalla regolamentazione europea.<\/p><\/div><\/div><\/div><div class=\"zpelement zpelem-iconheadingtext \" data-element-id=\"elm_WBRnNbnT52NuYvgTyk31EQ\" data-element-type=\"iconHeadingText\"><div class=\"zpicon-container zpicon-align-center \"><h4 class=\"zpicon-heading \" data-editor=\"true\">Cookies<\/h4><div class=\"zpicon-text-container \" data-editor=\"true\"><p>Utilizziamo i cookies per migliorare l&#8217;esperienza dell&#8217;utente. Accettando la navigazione acconsenti a tutti i cookies in conformit\u00e0 con la normativa sui cookies. Puoi leggere qui\u00a0l&#8217;informativa\u00a0completa.<\/p><\/div><\/div><\/div><div class=\"zpelement zpelem-iconheadingtext \" data-element-id=\"elm_2RFGcbW4yV7J7uKSYzDOFg\" data-element-type=\"iconHeadingText\"><div class=\"zpicon-container zpicon-align-center \"><h4 class=\"zpicon-heading \" data-editor=\"true\">Profilazione<\/h4><div class=\"zpicon-text-container \" data-editor=\"true\"><p>Non utilizzeremo la profilazione per finalit\u00e0 collegate all\u2019attivit\u00e0 commerciale.<\/p><\/div><\/div><\/div><div class=\"zpelement zpelem-iconheadingtext \" data-element-id=\"elm_5CWZXH49uBqW2cdE8ZunVg\" data-element-type=\"iconHeadingText\"><div class=\"zpicon-container zpicon-align-center \"><h4 class=\"zpicon-heading \" data-editor=\"true\">DPO<\/h4><div class=\"zpicon-text-container \" data-editor=\"true\"><p>Garantiamo la sicurezza dei tuoi dati. Abbiamo nominato un Responsabile della Protezione dei dati personali (Data Protection Officer &#8211; DPO) che pu\u00f2 essere contattato per ogni informazione e richiesta: dpo@akuero.it<\/p><p>Pec: <strong><span style=\"color: #007fbf;\"><a style=\"color: #007fbf;\" href=\"mailto:akuero@pec.it\">akuero@pec.it<\/a><\/span><\/strong><\/p><\/div><\/div><\/div>\t\t\t\t\t\t<\/div>\n\t\t\t\t<\/div>\n\t\t\t\t\t<\/div>\n\t\t<\/div>\n\t\t\t\t\t\t\t<\/div>\n\t\t<\/section>\n\t\t\t\t\t\t\t<\/div>\n\t\t","protected":false},"excerpt":{"rendered":"<p>Privacy Policy INFORMATIVA SULLA PRIVACY PER VISITATORI, CLIENTI, PARTNER E FORNITORI DI AKUERO S.R.L. Titolare del Trattamento I dati che ci fornisci sono trattati da Akuero s.r.l. (di seguito Akuero) con sede legale in Via Rimini 27 \u2013 59100 Prato e sede operativa in Piazzetta Caruso, 21 \u2013 51031 Agliana (PT). Pec: akuero@pec.it Tempo di&hellip;<\/p>\n","protected":false},"author":2,"featured_media":0,"parent":0,"menu_order":0,"comment_status":"closed","ping_status":"closed","template":"","meta":{"footnotes":""},"folder":[19],"class_list":["post-778","page","type-page","status-publish","hentry"],"yoast_head":"<!-- This site is optimized with the Yoast SEO plugin v18.6 - https:\/\/yoast.com\/wordpress\/plugins\/seo\/ -->\n<title>Akuer\u00f2 \u2022 Privacy Policy - Akuer\u00f2<\/title>\n<meta name=\"description\" content=\"Vuoi lavorare in Akuer\u00f2? Clicca qui e lascia la tua candidatura.\" \/>\n<meta name=\"robots\" content=\"index, follow, max-snippet:-1, max-image-preview:large, max-video-preview:-1\" \/>\n<link rel=\"canonical\" href=\"https:\/\/akuerowp.macrolab.us\/index.php\/privacypolicy\/\" \/>\n<meta property=\"og:locale\" content=\"it_IT\" \/>\n<meta property=\"og:type\" content=\"article\" \/>\n<meta property=\"og:title\" content=\"Akuer\u00f2 \u2022 Privacy Policy - Akuer\u00f2\" \/>\n<meta property=\"og:description\" content=\"Vuoi lavorare in Akuer\u00f2? Clicca qui e lascia la tua candidatura.\" \/>\n<meta property=\"og:url\" content=\"https:\/\/akuerowp.macrolab.us\/index.php\/privacypolicy\/\" \/>\n<meta property=\"og:site_name\" content=\"Akuer\u00f2\" \/>\n<meta property=\"article:modified_time\" content=\"2022-04-20T20:09:27+00:00\" \/>\n<meta name=\"twitter:card\" content=\"summary_large_image\" \/>\n<meta name=\"twitter:label1\" content=\"Tempo di lettura stimato\" \/>\n\t<meta name=\"twitter:data1\" content=\"2 minuti\" \/>\n<script type=\"application\/ld+json\" class=\"yoast-schema-graph\">{\"@context\":\"https:\/\/schema.org\",\"@graph\":[{\"@type\":\"WebSite\",\"@id\":\"https:\/\/akuerowp.macrolab.us\/#website\",\"url\":\"https:\/\/akuerowp.macrolab.us\/\",\"name\":\"Akuer\u00f2\",\"description\":\"Marketing di Fidelizzazione\",\"potentialAction\":[{\"@type\":\"SearchAction\",\"target\":{\"@type\":\"EntryPoint\",\"urlTemplate\":\"https:\/\/akuerowp.macrolab.us\/?s={search_term_string}\"},\"query-input\":\"required name=search_term_string\"}],\"inLanguage\":\"it-IT\"},{\"@type\":\"WebPage\",\"@id\":\"https:\/\/akuerowp.macrolab.us\/index.php\/privacypolicy\/#webpage\",\"url\":\"https:\/\/akuerowp.macrolab.us\/index.php\/privacypolicy\/\",\"name\":\"Akuer\u00f2 \u2022 Privacy Policy - Akuer\u00f2\",\"isPartOf\":{\"@id\":\"https:\/\/akuerowp.macrolab.us\/#website\"},\"datePublished\":\"2022-04-07T22:52:14+00:00\",\"dateModified\":\"2022-04-20T20:09:27+00:00\",\"description\":\"Vuoi lavorare in Akuer\u00f2? Clicca qui e lascia la tua candidatura.\",\"breadcrumb\":{\"@id\":\"https:\/\/akuerowp.macrolab.us\/index.php\/privacypolicy\/#breadcrumb\"},\"inLanguage\":\"it-IT\",\"potentialAction\":[{\"@type\":\"ReadAction\",\"target\":[\"https:\/\/akuerowp.macrolab.us\/index.php\/privacypolicy\/\"]}]},{\"@type\":\"BreadcrumbList\",\"@id\":\"https:\/\/akuerowp.macrolab.us\/index.php\/privacypolicy\/#breadcrumb\",\"itemListElement\":[{\"@type\":\"ListItem\",\"position\":1,\"name\":\"Home\",\"item\":\"https:\/\/akuerowp.macrolab.us\/\"},{\"@type\":\"ListItem\",\"position\":2,\"name\":\"Akuer\u00f2 \u2022 Privacy Policy\"}]}]}<\/script>\n<!-- \/ Yoast SEO plugin. -->","yoast_head_json":{"title":"Akuer\u00f2 \u2022 Privacy Policy - Akuer\u00f2","description":"Vuoi lavorare in Akuer\u00f2? Clicca qui e lascia la tua candidatura.","robots":{"index":"index","follow":"follow","max-snippet":"max-snippet:-1","max-image-preview":"max-image-preview:large","max-video-preview":"max-video-preview:-1"},"canonical":"https:\/\/akuerowp.macrolab.us\/index.php\/privacypolicy\/","og_locale":"it_IT","og_type":"article","og_title":"Akuer\u00f2 \u2022 Privacy Policy - Akuer\u00f2","og_description":"Vuoi lavorare in Akuer\u00f2? Clicca qui e lascia la tua candidatura.","og_url":"https:\/\/akuerowp.macrolab.us\/index.php\/privacypolicy\/","og_site_name":"Akuer\u00f2","article_modified_time":"2022-04-20T20:09:27+00:00","twitter_card":"summary_large_image","twitter_misc":{"Tempo di lettura stimato":"2 minuti"},"schema":{"@context":"https:\/\/schema.org","@graph":[{"@type":"WebSite","@id":"https:\/\/akuerowp.macrolab.us\/#website","url":"https:\/\/akuerowp.macrolab.us\/","name":"Akuer\u00f2","description":"Marketing di Fidelizzazione","potentialAction":[{"@type":"SearchAction","target":{"@type":"EntryPoint","urlTemplate":"https:\/\/akuerowp.macrolab.us\/?s={search_term_string}"},"query-input":"required name=search_term_string"}],"inLanguage":"it-IT"},{"@type":"WebPage","@id":"https:\/\/akuerowp.macrolab.us\/index.php\/privacypolicy\/#webpage","url":"https:\/\/akuerowp.macrolab.us\/index.php\/privacypolicy\/","name":"Akuer\u00f2 \u2022 Privacy Policy - Akuer\u00f2","isPartOf":{"@id":"https:\/\/akuerowp.macrolab.us\/#website"},"datePublished":"2022-04-07T22:52:14+00:00","dateModified":"2022-04-20T20:09:27+00:00","description":"Vuoi lavorare in Akuer\u00f2? Clicca qui e lascia la tua candidatura.","breadcrumb":{"@id":"https:\/\/akuerowp.macrolab.us\/index.php\/privacypolicy\/#breadcrumb"},"inLanguage":"it-IT","potentialAction":[{"@type":"ReadAction","target":["https:\/\/akuerowp.macrolab.us\/index.php\/privacypolicy\/"]}]},{"@type":"BreadcrumbList","@id":"https:\/\/akuerowp.macrolab.us\/index.php\/privacypolicy\/#breadcrumb","itemListElement":[{"@type":"ListItem","position":1,"name":"Home","item":"https:\/\/akuerowp.macrolab.us\/"},{"@type":"ListItem","position":2,"name":"Akuer\u00f2 \u2022 Privacy Policy"}]}]}},"_links":{"self":[{"href":"https:\/\/akuerowp.macrolab.us\/index.php\/wp-json\/wp\/v2\/pages\/778","targetHints":{"allow":["GET"]}}],"collection":[{"href":"https:\/\/akuerowp.macrolab.us\/index.php\/wp-json\/wp\/v2\/pages"}],"about":[{"href":"https:\/\/akuerowp.macrolab.us\/index.php\/wp-json\/wp\/v2\/types\/page"}],"author":[{"embeddable":true,"href":"https:\/\/akuerowp.macrolab.us\/index.php\/wp-json\/wp\/v2\/users\/2"}],"replies":[{"embeddable":true,"href":"https:\/\/akuerowp.macrolab.us\/index.php\/wp-json\/wp\/v2\/comments?post=778"}],"version-history":[{"count":11,"href":"https:\/\/akuerowp.macrolab.us\/index.php\/wp-json\/wp\/v2\/pages\/778\/revisions"}],"predecessor-version":[{"id":1121,"href":"https:\/\/akuerowp.macrolab.us\/index.php\/wp-json\/wp\/v2\/pages\/778\/revisions\/1121"}],"wp:attachment":[{"href":"https:\/\/akuerowp.macrolab.us\/index.php\/wp-json\/wp\/v2\/media?parent=778"}],"wp:term":[{"taxonomy":"folder","embeddable":true,"href":"https:\/\/akuerowp.macrolab.us\/index.php\/wp-json\/wp\/v2\/folder?post=778"}],"curies":[{"name":"wp","href":"https:\/\/api.w.org\/{rel}","templated":true}]}}